{"id":232,"date":"2017-02-22T08:37:46","date_gmt":"2017-02-22T08:37:46","guid":{"rendered":"http:\/\/memoriaaine2015.ingenierosnavales.com\/?page_id=232"},"modified":"2017-02-22T08:37:46","modified_gmt":"2017-02-22T08:37:46","slug":"pagina-de-inicio","status":"publish","type":"page","link":"https:\/\/memoriaaine2016.ingenierosnavales.com\/","title":{"rendered":"P\u00e1gina de inicio"},"content":{"rendered":"<p>Es una <strong>Asociaci\u00f3n <\/strong>libre de profesionales, sin \u00e1nimo de lucro, acogida a la <strong>Ley de Asociaciones <\/strong>, de derecho privado, regida por unos Estatutos aprobados en enero de 1999 y cuyos fines fundamentales son estrechar los lazos de uni\u00f3n entre sus asociados para la mejor <strong>divulgaci\u00f3n, utilizaci\u00f3n y encauzamiento <\/strong>de las iniciativas e investigaciones relacionadas con la profesi\u00f3n, cooperando al\u00a0<strong>fomento de la profesi\u00f3n <\/strong>y a ampliar el campo de acci\u00f3n de sus asociados, defendiendo los intereses de \u00e9stos.<\/p>\n","protected":false},"excerpt":{"rendered":"<p>Es una Asociaci\u00f3n libre de profesionales, sin \u00e1nimo de lucro, acogida a la Ley de Asociaciones , de derecho privado, regida por unos Estatutos aprobados en enero de 1999 y cuyos fines fundamentales son estrechar los lazos de uni\u00f3n entre sus asociados para la mejor divulgaci\u00f3n, utilizaci\u00f3n y encauzamiento de las iniciativas e investigaciones relacionadas [&hellip;]<\/p>\n","protected":false},"author":1,"featured_media":0,"parent":0,"menu_order":0,"comment_status":"closed","ping_status":"closed","template":"","meta":[],"_links":{"self":[{"href":"https:\/\/memoriaaine2016.ingenierosnavales.com\/index.php?rest_route=\/wp\/v2\/pages\/232"}],"collection":[{"href":"https:\/\/memoriaaine2016.ingenierosnavales.com\/index.php?rest_route=\/wp\/v2\/pages"}],"about":[{"href":"https:\/\/memoriaaine2016.ingenierosnavales.com\/index.php?rest_route=\/wp\/v2\/types\/page"}],"author":[{"embeddable":true,"href":"https:\/\/memoriaaine2016.ingenierosnavales.com\/index.php?rest_route=\/wp\/v2\/users\/1"}],"replies":[{"embeddable":true,"href":"https:\/\/memoriaaine2016.ingenierosnavales.com\/index.php?rest_route=%2Fwp%2Fv2%2Fcomments&post=232"}],"version-history":[{"count":0,"href":"https:\/\/memoriaaine2016.ingenierosnavales.com\/index.php?rest_route=\/wp\/v2\/pages\/232\/revisions"}],"wp:attachment":[{"href":"https:\/\/memoriaaine2016.ingenierosnavales.com\/index.php?rest_route=%2Fwp%2Fv2%2Fmedia&parent=232"}],"curies":[{"name":"wp","href":"https:\/\/api.w.org\/{rel}","templated":true}]}}