{"id":635,"date":"2017-02-12T19:59:34","date_gmt":"2017-02-12T19:59:34","guid":{"rendered":"http:\/\/memoriaaine2016.ingenierosnavales.com\/?page_id=2"},"modified":"2017-02-12T19:59:34","modified_gmt":"2017-02-12T19:59:34","slug":"comites-iies","status":"publish","type":"page","link":"https:\/\/memoriaaine2016.ingenierosnavales.com\/?page_id=635","title":{"rendered":"Comit\u00e9s Instituto de la Ingenier\u00eda de Espa\u00f1a"},"content":{"rendered":"<p><img decoding=\"async\" loading=\"lazy\" class=\"aligncenter wp-image-49 size-medium\" src=\"https:\/\/memoriaaine2016a.ingenierosnavales.com\/wp-content\/uploads\/2016\/02\/Jornada_Infraestructuras_en_los_Modos_de_Transporte-300x169.jpg\" alt=\"Jornada_Infraestructuras_en_los_Modos_de_Transporte\" width=\"300\" height=\"169\" srcset=\"https:\/\/memoriaaine2016.ingenierosnavales.com\/wp-content\/uploads\/2016\/02\/Jornada_Infraestructuras_en_los_Modos_de_Transporte-300x169.jpg 300w, https:\/\/memoriaaine2016.ingenierosnavales.com\/wp-content\/uploads\/2016\/02\/Jornada_Infraestructuras_en_los_Modos_de_Transporte-768x432.jpg 768w, https:\/\/memoriaaine2016.ingenierosnavales.com\/wp-content\/uploads\/2016\/02\/Jornada_Infraestructuras_en_los_Modos_de_Transporte.jpg 1024w\" sizes=\"(max-width: 300px) 100vw, 300px\" \/><\/p>\n<p>La AINE tiene representaci\u00f3n, mediante sus asociados, en diversos comit\u00e9s del Instituto de la Ingenier\u00eda de Espa\u00f1a:<\/p>\n<p><a href=\"http:\/\/memoriaaine2016.ingenierosnavales.com\/representantes-de-los-diversos-comites-y-consejo-de-representantes\/\">Representantes de los diversos comit\u00e9s y consejo de representantes.<\/a><\/p>\n<ul class=\"sub-menu\">\n<li class=\"menu-item menu-item-type-post_type menu-item-object-post menu-item-239\"><a href=\"http:\/\/memoriaaine2016.ingenierosnavales.com\/?p=314\">Comit\u00e9 de Asuntos Mar\u00edtimos y Marinos<\/a><\/li>\n<li class=\"menu-item menu-item-type-post_type menu-item-object-post menu-item-239\"><a class=\"anti-aede-checked\" title=\"Enlace permanente a Comit\u00e9 de Energ\u00eda y Recursos naturales\" href=\"http:\/\/memoriaaine2016.ingenierosnavales.com\/comite-de-energia-y-recursos-naturales\/\" rel=\"bookmark\">Comit\u00e9 de Energ\u00eda y Recursos naturales<\/a><\/li>\n<li id=\"menu-item-239\" class=\"menu-item menu-item-type-post_type menu-item-object-post menu-item-239\"><a class=\"anti-aede-checked\" href=\"http:\/\/memoriaaine2016.ingenierosnavales.com\/?p=234\">Comit\u00e9 I+D+i<\/a><\/li>\n<li id=\"menu-item-106\" class=\"menu-item menu-item-type-post_type menu-item-object-post menu-item-106\"><a class=\"anti-aede-checked\" href=\"http:\/\/memoriaaine2016.ingenierosnavales.com\/?p=41\">Comit\u00e9 de Infraestructuras<\/a><\/li>\n<li id=\"menu-item-105\" class=\"menu-item menu-item-type-post_type menu-item-object-post menu-item-105\"><a class=\"anti-aede-checked\" href=\"http:\/\/memoriaaine2016.ingenierosnavales.com\/?p=77\">Comit\u00e9 Ingenier\u00eda y Sociedad de la Informaci\u00f3n<\/a><\/li>\n<li id=\"menu-item-103\" class=\"menu-item menu-item-type-post_type menu-item-object-post menu-item-103\"><a class=\"anti-aede-checked\" href=\"http:\/\/memoriaaine2016.ingenierosnavales.com\/?p=85\">Comit\u00e9 Internacional<\/a><\/li>\n<li class=\"menu-item menu-item-type-post_type menu-item-object-post menu-item-103\"><a class=\"anti-aede-checked\" title=\"Enlace permanente a Comit\u00e9 de Inventiva y Creatividad\" href=\"http:\/\/memoriaaine2016.ingenierosnavales.com\/comite-de-inventiva-y-creatividad\/\" rel=\"bookmark\">Comit\u00e9 de Inventiva y Creatividad<\/a><\/li>\n<li id=\"menu-item-107\" class=\"menu-item menu-item-type-post_type menu-item-object-post menu-item-107\"><a class=\"anti-aede-checked\" href=\"http:\/\/memoriaaine2016.ingenierosnavales.com\/?p=23\">Comit\u00e9 de Tecnolog\u00edas de Defensa<\/a><\/li>\n<\/ul>\n<p>Tambi\u00e9n puede consultarse la <a href=\"http:\/\/memoriaaine2016.ingenierosnavales.com\/normativa-de-los-comites-del-instituto-de-la-ingenieria-de-espana\/\">normativa de los comit\u00e9s.<\/a><\/p>\n","protected":false},"excerpt":{"rendered":"<p>La AINE tiene representaci\u00f3n, mediante sus asociados, en diversos comit\u00e9s del Instituto de la Ingenier\u00eda de Espa\u00f1a: Representantes de los diversos comit\u00e9s y consejo de representantes. Comit\u00e9 de Asuntos Mar\u00edtimos y Marinos Comit\u00e9 de Energ\u00eda y Recursos naturales Comit\u00e9 I+D+i Comit\u00e9 de Infraestructuras Comit\u00e9 Ingenier\u00eda y Sociedad de la Informaci\u00f3n Comit\u00e9 Internacional Comit\u00e9 de Inventiva [&hellip;]<\/p>\n","protected":false},"author":1,"featured_media":49,"parent":0,"menu_order":0,"comment_status":"closed","ping_status":"open","template":"","meta":[],"_links":{"self":[{"href":"https:\/\/memoriaaine2016.ingenierosnavales.com\/index.php?rest_route=\/wp\/v2\/pages\/635"}],"collection":[{"href":"https:\/\/memoriaaine2016.ingenierosnavales.com\/index.php?rest_route=\/wp\/v2\/pages"}],"about":[{"href":"https:\/\/memoriaaine2016.ingenierosnavales.com\/index.php?rest_route=\/wp\/v2\/types\/page"}],"author":[{"embeddable":true,"href":"https:\/\/memoriaaine2016.ingenierosnavales.com\/index.php?rest_route=\/wp\/v2\/users\/1"}],"replies":[{"embeddable":true,"href":"https:\/\/memoriaaine2016.ingenierosnavales.com\/index.php?rest_route=%2Fwp%2Fv2%2Fcomments&post=635"}],"version-history":[{"count":0,"href":"https:\/\/memoriaaine2016.ingenierosnavales.com\/index.php?rest_route=\/wp\/v2\/pages\/635\/revisions"}],"wp:featuredmedia":[{"embeddable":true,"href":"https:\/\/memoriaaine2016.ingenierosnavales.com\/index.php?rest_route=\/wp\/v2\/media\/49"}],"wp:attachment":[{"href":"https:\/\/memoriaaine2016.ingenierosnavales.com\/index.php?rest_route=%2Fwp%2Fv2%2Fmedia&parent=635"}],"curies":[{"name":"wp","href":"https:\/\/api.w.org\/{rel}","templated":true}]}}